{"id":10,"date":"2025-03-03T10:52:49","date_gmt":"2025-03-03T09:52:49","guid":{"rendered":"https:\/\/werola.de\/?page_id=10"},"modified":"2026-02-03T14:10:18","modified_gmt":"2026-02-03T13:10:18","slug":"startseite","status":"publish","type":"page","link":"https:\/\/www.werola.de\/en\/","title":{"rendered":"Startseite"},"content":{"rendered":"<div class=\"wp-block-group alignfull is-content-justification-center is-nowrap is-layout-flex wp-container-core-group-is-layout-23441af8 wp-block-group-is-layout-flex has-background\" style=\"min-height:600px;background-image:url(&apos;https:\/\/werola.de\/wp-content\/uploads\/2025\/03\/titel-lila.jpg&apos;);background-position:50% 49%;background-size:cover;background-attachment:scroll;\">\n<div class=\"wp-block-group is-vertical is-content-justification-center is-nowrap is-layout-flex wp-container-core-group-is-layout-e224a380 wp-block-group-is-layout-flex\">\n<figure class=\"wp-block-image aligncenter size-full is-resized wp-duotone-ffffff-ffffff-1\" style=\"margin-bottom:var(--wp--preset--spacing--40)\"><img loading=\"lazy\" decoding=\"async\" width=\"800\" height=\"712\" src=\"https:\/\/werola.de\/wp-content\/uploads\/2025\/03\/Werola-Logo_blue-1.png\" alt=\"Werola Logo Wei\u00df Stilisiertes Gesicht mit wellenf\u00f6rmigem Haar, darunter der Schriftzug \u201eWerola\u201c\" class=\"wp-image-163\" style=\"width:148px;height:auto\" srcset=\"https:\/\/www.werola.de\/wp-content\/uploads\/2025\/03\/Werola-Logo_blue-1.png 800w, https:\/\/www.werola.de\/wp-content\/uploads\/2025\/03\/Werola-Logo_blue-1-300x267.png 300w, https:\/\/www.werola.de\/wp-content\/uploads\/2025\/03\/Werola-Logo_blue-1-768x684.png 768w\" sizes=\"auto, (max-width: 800px) 100vw, 800px\" \/><\/figure>\n\n\n\n<h1 class=\"wp-block-heading has-text-align-center has-base-color has-text-color has-link-color has-subscriber-font-family wp-elements-b55d1173b50a84a2e92ac5800c6cb86c\" style=\"padding-top:0px;padding-right:0px;padding-bottom:0px;padding-left:0px;font-size:clamp(35.641px, 2.228rem + ((1vw - 3.2px) * 2.878), 65px);letter-spacing:1px;line-height:1.1;text-transform:uppercase\">Manufacturer of high quality<br>crepe papers and tissue papers<\/h1>\n<\/div>\n<\/div>\n\n\n\n<aside class=\"wp-block-group alignfull is-style-section-2 has-global-padding is-layout-constrained wp-container-core-group-is-layout-9e4ffdbf wp-block-group-is-layout-constrained is-style-section-2--2\" id=\"ueberuns\" style=\"margin-top:0;margin-bottom:0;padding-top:var(--wp--preset--spacing--30);padding-right:var(--wp--preset--spacing--50);padding-bottom:var(--wp--preset--spacing--30);padding-left:var(--wp--preset--spacing--50)\">\n<div class=\"wp-block-columns alignwide is-layout-flex wp-container-core-columns-is-layout-28232c24 wp-block-columns-is-layout-flex\">\n<div class=\"wp-block-column is-vertically-aligned-center is-layout-flow wp-block-column-is-layout-flow\" style=\"padding-right:var(--wp--preset--spacing--50);flex-basis:30%\">\n<figure class=\"wp-block-image aligncenter size-large is-resized\" style=\"margin-top:var(--wp--preset--spacing--20);margin-right:var(--wp--preset--spacing--20);margin-bottom:var(--wp--preset--spacing--40);margin-left:var(--wp--preset--spacing--20)\"><img loading=\"lazy\" decoding=\"async\" width=\"1024\" height=\"225\" src=\"https:\/\/werola.de\/wp-content\/uploads\/2025\/03\/Seaman-Werola-Logo_blau-1024x225.png\" alt=\"Kombination aus Seaman Logo und Werola Logo\" class=\"wp-image-178\" style=\"width:300px\" srcset=\"https:\/\/www.werola.de\/wp-content\/uploads\/2025\/03\/Seaman-Werola-Logo_blau-1024x225.png 1024w, https:\/\/www.werola.de\/wp-content\/uploads\/2025\/03\/Seaman-Werola-Logo_blau-300x66.png 300w, https:\/\/www.werola.de\/wp-content\/uploads\/2025\/03\/Seaman-Werola-Logo_blau-768x169.png 768w, https:\/\/www.werola.de\/wp-content\/uploads\/2025\/03\/Seaman-Werola-Logo_blau.png 1032w\" sizes=\"auto, (max-width: 1024px) 100vw, 1024px\" \/><\/figure>\n<\/div>\n\n\n\n<div class=\"wp-block-column is-vertically-aligned-center is-layout-flow wp-block-column-is-layout-flow\" style=\"padding-right:0;padding-left:0;flex-basis:70%\">\n<p class=\"has-text-align-left is-style-default has-contrast-color has-text-color has-link-color has-medium-font-size wp-elements-68a84e3bcdb9133306b8bce4ecb888ab\" style=\"border-radius:10px;margin-top:0;margin-right:0;margin-bottom:0;margin-left:0;padding-top:var(--wp--preset--spacing--20);padding-right:10px;padding-bottom:var(--wp--preset--spacing--20);padding-left:10px;font-style:normal;font-weight:500\">Seaman Paper Europe GmbH (formerly Werola) is a leading manufacturer of crepe and tissue papers for the creative sector. With decades of experience, the company produces high-quality papers for craft projects, decorations and creative packaging. The products are characterized by special colour intensity, quality and flexibility, while an in-house creative department implements individual customer requests. Great importance is also attached to environmentally friendly and sustainable production.<\/p>\n<\/div>\n<\/div>\n<\/aside>\n\n\n\n<div class=\"wp-block-group alignfull has-accent-3-background-color has-background has-global-padding is-layout-constrained wp-container-core-group-is-layout-0a8bad72 wp-block-group-is-layout-constrained\" id=\"produkte\" style=\"margin-top:0;margin-bottom:0;padding-top:var(--wp--preset--spacing--50);padding-right:0;padding-bottom:var(--wp--preset--spacing--50);padding-left:0\">\n<div class=\"wp-block-columns alignwide is-layout-flex wp-container-core-columns-is-layout-28f84493 wp-block-columns-is-layout-flex\">\n<div class=\"wp-block-column is-layout-flow wp-block-column-is-layout-flow\">\n<div class=\"wp-block-group has-base-background-color has-background is-vertical is-content-justification-center is-layout-flex wp-container-core-group-is-layout-08b3b6e4 wp-block-group-is-layout-flex\" style=\"margin-top:0;margin-bottom:0;padding-top:0;padding-bottom:0\">\n<h1 class=\"wp-block-heading has-text-align-center is-style-default has-contrast-color has-text-color has-link-color wp-elements-681cbc6e53d5afa82ef9d595bad458dc\" style=\"margin-top:var(--wp--preset--spacing--30);margin-right:0;margin-bottom:var(--wp--preset--spacing--30)\"><a href=\"https:\/\/www.werola.de\/en\/krepppapiere\/\" data-type=\"page\" data-id=\"35\" style=\"text-decoration:none\">Crepe Paper<\/a><\/h1>\n\n\n\n<figure class=\"wp-block-image size-full hover-zoom\" style=\"margin-bottom:0px\"><a href=\"https:\/\/www.werola.de\/en\/krepppapiere\/\"><img loading=\"lazy\" decoding=\"async\" width=\"1080\" height=\"810\" src=\"https:\/\/werola.de\/wp-content\/uploads\/2025\/03\/Krepp-rollen-image-41_4-3.jpg\" alt=\"\" class=\"wp-image-340\" style=\"aspect-ratio:4\/3;object-fit:cover\" srcset=\"https:\/\/www.werola.de\/wp-content\/uploads\/2025\/03\/Krepp-rollen-image-41_4-3.jpg 1080w, https:\/\/www.werola.de\/wp-content\/uploads\/2025\/03\/Krepp-rollen-image-41_4-3-300x225.jpg 300w, https:\/\/www.werola.de\/wp-content\/uploads\/2025\/03\/Krepp-rollen-image-41_4-3-1024x768.jpg 1024w, https:\/\/www.werola.de\/wp-content\/uploads\/2025\/03\/Krepp-rollen-image-41_4-3-768x576.jpg 768w\" sizes=\"auto, (max-width: 1080px) 100vw, 1080px\" \/><\/a><\/figure>\n\n\n\n<p class=\"has-text-align-center has-base-background-color has-background has-small-font-size\" style=\"margin-top:0;margin-right:0;margin-bottom:0;margin-left:0;padding-top:var(--wp--preset--spacing--20);padding-right:var(--wp--preset--spacing--30);padding-bottom:var(--wp--preset--spacing--20);padding-left:var(--wp--preset--spacing--30)\">A versatile material for craft projects, artwork and decorations - flexible, colorful and creative to use.<\/p>\n<\/div>\n<\/div>\n\n\n\n<div class=\"wp-block-column is-layout-flow wp-block-column-is-layout-flow\">\n<div class=\"wp-block-group has-base-background-color has-background is-vertical is-content-justification-center is-layout-flex wp-container-core-group-is-layout-08b3b6e4 wp-block-group-is-layout-flex\" style=\"margin-top:0;margin-bottom:0;padding-top:0;padding-bottom:0\">\n<h1 class=\"wp-block-heading is-style-default has-contrast-color has-text-color has-link-color wp-elements-e5d66c0a8719e5df4f33d72623d1ac70\" style=\"margin-top:var(--wp--preset--spacing--30);margin-bottom:var(--wp--preset--spacing--30)\"><a href=\"https:\/\/www.werola.de\/en\/seidenpapiere\/\" data-type=\"page\" data-id=\"38\" style=\"text-decoration:none\">Tissue Paper<\/a><\/h1>\n\n\n\n<figure class=\"wp-block-image size-full hover-zoom\" style=\"margin-bottom:0px\"><a href=\"https:\/\/www.werola.de\/en\/seidenpapiere\/\"><img loading=\"lazy\" decoding=\"async\" width=\"1080\" height=\"1080\" src=\"https:\/\/werola.de\/wp-content\/uploads\/2025\/03\/aquarola-seidenpapier-1.jpg\" alt=\"\" class=\"wp-image-31\" style=\"aspect-ratio:4\/3;object-fit:cover\" srcset=\"https:\/\/www.werola.de\/wp-content\/uploads\/2025\/03\/aquarola-seidenpapier-1.jpg 1080w, https:\/\/www.werola.de\/wp-content\/uploads\/2025\/03\/aquarola-seidenpapier-1-300x300.jpg 300w, https:\/\/www.werola.de\/wp-content\/uploads\/2025\/03\/aquarola-seidenpapier-1-1024x1024.jpg 1024w, https:\/\/www.werola.de\/wp-content\/uploads\/2025\/03\/aquarola-seidenpapier-1-150x150.jpg 150w, https:\/\/www.werola.de\/wp-content\/uploads\/2025\/03\/aquarola-seidenpapier-1-768x768.jpg 768w\" sizes=\"auto, (max-width: 1080px) 100vw, 1080px\" \/><\/a><\/figure>\n\n\n\n<p class=\"has-text-align-center has-base-background-color has-background has-small-font-size\" style=\"margin-top:0;margin-right:0;margin-bottom:0;margin-left:0;padding-top:var(--wp--preset--spacing--20);padding-right:var(--wp--preset--spacing--30);padding-bottom:var(--wp--preset--spacing--20);padding-left:var(--wp--preset--spacing--30)\">An elegant and versatile material for stylish packaging, decoration, crafting and art - lightweight, supple, brilliant colors and designs.<\/p>\n<\/div>\n<\/div>\n\n\n\n<div class=\"wp-block-column is-layout-flow wp-block-column-is-layout-flow\">\n<div class=\"wp-block-group has-base-background-color has-background is-vertical is-content-justification-center is-layout-flex wp-container-core-group-is-layout-08b3b6e4 wp-block-group-is-layout-flex\" style=\"margin-top:0;margin-bottom:0;padding-top:0;padding-bottom:0\">\n<h1 class=\"wp-block-heading is-style-default has-contrast-color has-text-color has-link-color wp-elements-652edc633ff80388eaac9692554d9316\" style=\"margin-top:var(--wp--preset--spacing--30);margin-bottom:var(--wp--preset--spacing--30)\"><a href=\"https:\/\/www.werola.de\/en\/packpapiere\/\" data-type=\"page\" data-id=\"41\" style=\"text-decoration:none\">Packaging Paper<\/a><\/h1>\n\n\n\n<figure class=\"wp-block-image size-full hover-zoom\" style=\"margin-bottom:0\"><a href=\"https:\/\/www.werola.de\/en\/packpapiere\/\"><img loading=\"lazy\" decoding=\"async\" width=\"1080\" height=\"810\" src=\"https:\/\/werola.de\/wp-content\/uploads\/2025\/03\/8028_02_4-3-1.jpg\" alt=\"\" class=\"wp-image-338\" style=\"aspect-ratio:4\/3;object-fit:cover\" srcset=\"https:\/\/www.werola.de\/wp-content\/uploads\/2025\/03\/8028_02_4-3-1.jpg 1080w, https:\/\/www.werola.de\/wp-content\/uploads\/2025\/03\/8028_02_4-3-1-300x225.jpg 300w, https:\/\/www.werola.de\/wp-content\/uploads\/2025\/03\/8028_02_4-3-1-1024x768.jpg 1024w, https:\/\/www.werola.de\/wp-content\/uploads\/2025\/03\/8028_02_4-3-1-768x576.jpg 768w\" sizes=\"auto, (max-width: 1080px) 100vw, 1080px\" \/><\/a><\/figure>\n\n\n\n<p class=\"has-text-align-center has-base-background-color has-background has-small-font-size\" style=\"margin-top:0;margin-right:0;margin-bottom:0;margin-left:0;padding-top:var(--wp--preset--spacing--20);padding-right:var(--wp--preset--spacing--30);padding-bottom:var(--wp--preset--spacing--20);padding-left:var(--wp--preset--spacing--30)\">Robust, sustainable and versatile - ideal for packaging, crafting and designing, with natural charm and high resistance.<\/p>\n<\/div>\n<\/div>\n\n\n\n<div class=\"wp-block-column is-vertically-aligned-center is-layout-flow wp-block-column-is-layout-flow\">\n<div class=\"wp-block-group is-vertical is-content-justification-center is-layout-flex wp-container-core-group-is-layout-08b3b6e4 wp-block-group-is-layout-flex\" style=\"margin-top:0;margin-bottom:0;padding-top:0;padding-bottom:0\">\n<div class=\"wp-block-buttons is-layout-flex wp-container-core-buttons-is-layout-0f3b8869 wp-block-buttons-is-layout-flex\" style=\"padding-top:0;padding-bottom:0\">\n<div class=\"wp-block-button is-style-fill\"><a class=\"wp-block-button__link has-subscriber-font-family has-xx-large-font-size has-custom-font-size wp-element-button\" href=\"https:\/\/www.werola.de\/en\/bastelideen\/\" target=\"_blank\" rel=\"noreferrer noopener\"><br>Bastelanleitungen<br>Anwendungen<br>-><\/a><\/div>\n<\/div>\n<\/div>\n<\/div>\n<\/div>\n<\/div>\n\n\n\n<div class=\"wp-block-group alignfull has-accent-6-background-color has-background is-layout-flow wp-block-group-is-layout-flow\" style=\"margin-top:0;margin-bottom:0\">\n<div style=\"height:31px\" aria-hidden=\"true\" class=\"wp-block-spacer\"><\/div>\n\n\n\n<div style=\"height:34px\" aria-hidden=\"true\" class=\"wp-block-spacer\"><\/div>\n<\/div>\n\n\n\n<div class=\"wp-block-group alignfull is-style-section-1 is-layout-flow wp-block-group-is-layout-flow has-background is-style-section-1--3\" style=\"min-height:162px;margin-top:0;margin-bottom:0;padding-top:0;padding-right:0;padding-bottom:0;padding-left:0;background-image:url(&apos;https:\/\/werola.de\/wp-content\/uploads\/2025\/03\/Kostuem-2.jpg&apos;);background-size:cover;background-attachment:fixed;\">\n<div class=\"wp-block-buttons is-horizontal is-content-justification-center is-layout-flex wp-container-core-buttons-is-layout-70575cbc wp-block-buttons-is-layout-flex\" style=\"padding-top:var(--wp--preset--spacing--40)\">\n<div class=\"wp-block-button has-custom-width wp-block-button__width-25 is-style-fill\"><a class=\"wp-block-button__link has-subscriber-font-family has-custom-font-size wp-element-button\" href=\"https:\/\/www.werola.de\/en\/kataloge\/\" style=\"padding-top:var(--wp--preset--spacing--20);padding-right:var(--wp--preset--spacing--30);padding-bottom:var(--wp--preset--spacing--20);padding-left:var(--wp--preset--spacing--30);font-size:clamp(30.232px, 1.89rem + ((1vw - 3.2px) * 2.232), 53px);\">Catalogs<\/a><\/div>\n<\/div>\n<\/div>\n\n\n\n<div style=\"height:28px\" aria-hidden=\"true\" class=\"wp-block-spacer\"><\/div>\n\n\n\n<p><\/p>","protected":false},"excerpt":{"rendered":"<p>Hersteller von hochwertigenKrepppapieren und Seidenpapieren Die Seaman Paper Europe GmbH (ehemals Werola) ist ein f\u00fchrender Hersteller von Krepp- und Seidenpapieren f\u00fcr den kreativen Bereich. Mit jahrzehntelanger Erfahrung produziert das Unternehmen hochwertige Papiere f\u00fcr Bastelprojekte, Dekorationen und kreative Verpackungen. Besondere Farbintensit\u00e4t, Qualit\u00e4t und Flexibilit\u00e4t zeichnen die Produkte aus, w\u00e4hrend eine eigene Kreativabteilung individuelle Kundenw\u00fcnsche umsetzt. Zudem [&hellip;]<\/p>\n","protected":false},"author":1,"featured_media":0,"parent":0,"menu_order":0,"comment_status":"closed","ping_status":"closed","template":"","meta":{"footnotes":""},"class_list":["post-10","page","type-page","status-publish","hentry"],"yoast_head":"<!-- This site is optimized with the Yoast SEO plugin v27.6 - https:\/\/yoast.com\/product\/yoast-seo-wordpress\/ -->\n<title>Startseite - Werola<\/title>\n<meta name=\"description\" content=\"Entdecken Sie die Produkte von Werola \u2013 den Experten f\u00fcr hochwertiges Krepppapier und kreative Bastelmaterialien. Qualit\u00e4t \u201eMade in Germany\u201c f\u00fcr Ihre DIY-Projekte.\" \/>\n<meta name=\"robots\" content=\"index, follow, max-snippet:-1, max-image-preview:large, max-video-preview:-1\" \/>\n<link rel=\"canonical\" href=\"https:\/\/www.werola.de\/en\/\" \/>\n<meta property=\"og:locale\" content=\"en_US\" \/>\n<meta property=\"og:type\" content=\"article\" \/>\n<meta property=\"og:title\" content=\"Startseite - Werola\" \/>\n<meta property=\"og:description\" content=\"Entdecken Sie die Produkte von Werola \u2013 den Experten f\u00fcr hochwertiges Krepppapier und kreative Bastelmaterialien. Qualit\u00e4t \u201eMade in Germany\u201c f\u00fcr Ihre DIY-Projekte.\" \/>\n<meta property=\"og:url\" content=\"https:\/\/www.werola.de\/en\/\" \/>\n<meta property=\"og:site_name\" content=\"Werola\" \/>\n<meta property=\"article:modified_time\" content=\"2026-02-03T13:10:18+00:00\" \/>\n<meta property=\"og:image\" content=\"https:\/\/werola.de\/wp-content\/uploads\/2025\/03\/Werola-Logo_blue-1.png\" \/>\n<meta name=\"twitter:card\" content=\"summary_large_image\" \/>\n<meta name=\"twitter:label1\" content=\"Est. reading time\" \/>\n\t<meta name=\"twitter:data1\" content=\"2 minutes\" \/>\n<script type=\"application\/ld+json\" class=\"yoast-schema-graph\">{\"@context\":\"https:\\\/\\\/schema.org\",\"@graph\":[{\"@type\":\"WebPage\",\"@id\":\"https:\\\/\\\/www.werola.de\\\/en\\\/\",\"url\":\"https:\\\/\\\/www.werola.de\\\/en\\\/\",\"name\":\"Startseite - Werola\",\"isPartOf\":{\"@id\":\"https:\\\/\\\/www.werola.de\\\/en\\\/#website\"},\"primaryImageOfPage\":{\"@id\":\"https:\\\/\\\/www.werola.de\\\/en\\\/#primaryimage\"},\"image\":{\"@id\":\"https:\\\/\\\/www.werola.de\\\/en\\\/#primaryimage\"},\"thumbnailUrl\":\"https:\\\/\\\/werola.de\\\/wp-content\\\/uploads\\\/2025\\\/03\\\/Werola-Logo_blue-1.png\",\"datePublished\":\"2025-03-03T09:52:49+00:00\",\"dateModified\":\"2026-02-03T13:10:18+00:00\",\"description\":\"Entdecken Sie die Produkte von Werola \u2013 den Experten f\u00fcr hochwertiges Krepppapier und kreative Bastelmaterialien. Qualit\u00e4t \u201eMade in Germany\u201c f\u00fcr Ihre DIY-Projekte.\",\"breadcrumb\":{\"@id\":\"https:\\\/\\\/www.werola.de\\\/en\\\/#breadcrumb\"},\"inLanguage\":\"en-US\",\"potentialAction\":[{\"@type\":\"ReadAction\",\"target\":[\"https:\\\/\\\/www.werola.de\\\/en\\\/\"]}]},{\"@type\":\"ImageObject\",\"inLanguage\":\"en-US\",\"@id\":\"https:\\\/\\\/www.werola.de\\\/en\\\/#primaryimage\",\"url\":\"https:\\\/\\\/werola.de\\\/wp-content\\\/uploads\\\/2025\\\/03\\\/Werola-Logo_blue-1.png\",\"contentUrl\":\"https:\\\/\\\/werola.de\\\/wp-content\\\/uploads\\\/2025\\\/03\\\/Werola-Logo_blue-1.png\"},{\"@type\":\"BreadcrumbList\",\"@id\":\"https:\\\/\\\/www.werola.de\\\/en\\\/#breadcrumb\",\"itemListElement\":[{\"@type\":\"ListItem\",\"position\":1,\"name\":\"Startseite\",\"item\":\"https:\\\/\\\/www.werola.de\\\/en\\\/\"},{\"@type\":\"ListItem\",\"position\":2,\"name\":\"Start\"}]},{\"@type\":\"WebSite\",\"@id\":\"https:\\\/\\\/www.werola.de\\\/en\\\/#website\",\"url\":\"https:\\\/\\\/www.werola.de\\\/en\\\/\",\"name\":\"www.werola.de\",\"description\":\"\",\"publisher\":{\"@id\":\"https:\\\/\\\/www.werola.de\\\/en\\\/#organization\"},\"potentialAction\":[{\"@type\":\"SearchAction\",\"target\":{\"@type\":\"EntryPoint\",\"urlTemplate\":\"https:\\\/\\\/www.werola.de\\\/en\\\/?s={search_term_string}\"},\"query-input\":{\"@type\":\"PropertyValueSpecification\",\"valueRequired\":true,\"valueName\":\"search_term_string\"}}],\"inLanguage\":\"en-US\"},{\"@type\":\"Organization\",\"@id\":\"https:\\\/\\\/www.werola.de\\\/en\\\/#organization\",\"name\":\"Seaman Paper Europe GmbH\",\"alternateName\":\"Werola\",\"url\":\"https:\\\/\\\/www.werola.de\\\/en\\\/\",\"logo\":{\"@type\":\"ImageObject\",\"inLanguage\":\"en-US\",\"@id\":\"https:\\\/\\\/www.werola.de\\\/en\\\/#\\\/schema\\\/logo\\\/image\\\/\",\"url\":\"https:\\\/\\\/werola.de\\\/wp-content\\\/uploads\\\/2025\\\/03\\\/SeamanPaper-Primary-Black.png\",\"contentUrl\":\"https:\\\/\\\/werola.de\\\/wp-content\\\/uploads\\\/2025\\\/03\\\/SeamanPaper-Primary-Black.png\",\"width\":1300,\"height\":402,\"caption\":\"Seaman Paper Europe GmbH\"},\"image\":{\"@id\":\"https:\\\/\\\/www.werola.de\\\/en\\\/#\\\/schema\\\/logo\\\/image\\\/\"}}]}<\/script>\n<!-- \/ Yoast SEO plugin. -->","yoast_head_json":{"title":"Startseite - Werola","description":"Entdecken Sie die Produkte von Werola \u2013 den Experten f\u00fcr hochwertiges Krepppapier und kreative Bastelmaterialien. Qualit\u00e4t \u201eMade in Germany\u201c f\u00fcr Ihre DIY-Projekte.","robots":{"index":"index","follow":"follow","max-snippet":"max-snippet:-1","max-image-preview":"max-image-preview:large","max-video-preview":"max-video-preview:-1"},"canonical":"https:\/\/www.werola.de\/en\/","og_locale":"en_US","og_type":"article","og_title":"Startseite - Werola","og_description":"Entdecken Sie die Produkte von Werola \u2013 den Experten f\u00fcr hochwertiges Krepppapier und kreative Bastelmaterialien. Qualit\u00e4t \u201eMade in Germany\u201c f\u00fcr Ihre DIY-Projekte.","og_url":"https:\/\/www.werola.de\/en\/","og_site_name":"Werola","article_modified_time":"2026-02-03T13:10:18+00:00","og_image":[{"url":"https:\/\/werola.de\/wp-content\/uploads\/2025\/03\/Werola-Logo_blue-1.png","type":"","width":"","height":""}],"twitter_card":"summary_large_image","twitter_misc":{"Est. reading time":"2 minutes"},"schema":{"@context":"https:\/\/schema.org","@graph":[{"@type":"WebPage","@id":"https:\/\/www.werola.de\/en\/","url":"https:\/\/www.werola.de\/en\/","name":"Startseite - Werola","isPartOf":{"@id":"https:\/\/www.werola.de\/en\/#website"},"primaryImageOfPage":{"@id":"https:\/\/www.werola.de\/en\/#primaryimage"},"image":{"@id":"https:\/\/www.werola.de\/en\/#primaryimage"},"thumbnailUrl":"https:\/\/werola.de\/wp-content\/uploads\/2025\/03\/Werola-Logo_blue-1.png","datePublished":"2025-03-03T09:52:49+00:00","dateModified":"2026-02-03T13:10:18+00:00","description":"Entdecken Sie die Produkte von Werola \u2013 den Experten f\u00fcr hochwertiges Krepppapier und kreative Bastelmaterialien. Qualit\u00e4t \u201eMade in Germany\u201c f\u00fcr Ihre DIY-Projekte.","breadcrumb":{"@id":"https:\/\/www.werola.de\/en\/#breadcrumb"},"inLanguage":"en-US","potentialAction":[{"@type":"ReadAction","target":["https:\/\/www.werola.de\/en\/"]}]},{"@type":"ImageObject","inLanguage":"en-US","@id":"https:\/\/www.werola.de\/en\/#primaryimage","url":"https:\/\/werola.de\/wp-content\/uploads\/2025\/03\/Werola-Logo_blue-1.png","contentUrl":"https:\/\/werola.de\/wp-content\/uploads\/2025\/03\/Werola-Logo_blue-1.png"},{"@type":"BreadcrumbList","@id":"https:\/\/www.werola.de\/en\/#breadcrumb","itemListElement":[{"@type":"ListItem","position":1,"name":"Startseite","item":"https:\/\/www.werola.de\/en\/"},{"@type":"ListItem","position":2,"name":"Start"}]},{"@type":"WebSite","@id":"https:\/\/www.werola.de\/en\/#website","url":"https:\/\/www.werola.de\/en\/","name":"www.werola.de","description":"","publisher":{"@id":"https:\/\/www.werola.de\/en\/#organization"},"potentialAction":[{"@type":"SearchAction","target":{"@type":"EntryPoint","urlTemplate":"https:\/\/www.werola.de\/en\/?s={search_term_string}"},"query-input":{"@type":"PropertyValueSpecification","valueRequired":true,"valueName":"search_term_string"}}],"inLanguage":"en-US"},{"@type":"Organization","@id":"https:\/\/www.werola.de\/en\/#organization","name":"Seaman Paper Europe GmbH","alternateName":"Werola","url":"https:\/\/www.werola.de\/en\/","logo":{"@type":"ImageObject","inLanguage":"en-US","@id":"https:\/\/www.werola.de\/en\/#\/schema\/logo\/image\/","url":"https:\/\/werola.de\/wp-content\/uploads\/2025\/03\/SeamanPaper-Primary-Black.png","contentUrl":"https:\/\/werola.de\/wp-content\/uploads\/2025\/03\/SeamanPaper-Primary-Black.png","width":1300,"height":402,"caption":"Seaman Paper Europe GmbH"},"image":{"@id":"https:\/\/www.werola.de\/en\/#\/schema\/logo\/image\/"}}]}},"_links":{"self":[{"href":"https:\/\/www.werola.de\/en\/wp-json\/wp\/v2\/pages\/10","targetHints":{"allow":["GET"]}}],"collection":[{"href":"https:\/\/www.werola.de\/en\/wp-json\/wp\/v2\/pages"}],"about":[{"href":"https:\/\/www.werola.de\/en\/wp-json\/wp\/v2\/types\/page"}],"author":[{"embeddable":true,"href":"https:\/\/www.werola.de\/en\/wp-json\/wp\/v2\/users\/1"}],"replies":[{"embeddable":true,"href":"https:\/\/www.werola.de\/en\/wp-json\/wp\/v2\/comments?post=10"}],"version-history":[{"count":203,"href":"https:\/\/www.werola.de\/en\/wp-json\/wp\/v2\/pages\/10\/revisions"}],"predecessor-version":[{"id":1051,"href":"https:\/\/www.werola.de\/en\/wp-json\/wp\/v2\/pages\/10\/revisions\/1051"}],"wp:attachment":[{"href":"https:\/\/www.werola.de\/en\/wp-json\/wp\/v2\/media?parent=10"}],"curies":[{"name":"wp","href":"https:\/\/api.w.org\/{rel}","templated":true}]}}