{"id":41,"date":"2025-03-04T15:48:20","date_gmt":"2025-03-04T14:48:20","guid":{"rendered":"https:\/\/werola.de\/?page_id=41"},"modified":"2026-02-03T14:10:18","modified_gmt":"2026-02-03T13:10:18","slug":"packpapiere","status":"publish","type":"page","link":"https:\/\/www.werola.de\/en\/packpapiere\/","title":{"rendered":"Packaging Paper"},"content":{"rendered":"<div class=\"wp-block-group alignfull is-content-justification-center is-nowrap is-layout-flex wp-container-core-group-is-layout-23441af8 wp-block-group-is-layout-flex has-background\" style=\"min-height:400px;background-image:url(&apos;https:\/\/werola.de\/wp-content\/uploads\/2025\/03\/Packpapier-bogen-wide.jpg&apos;);background-position:50% 49%;background-size:cover;background-attachment:scroll;\">\n<div class=\"wp-block-group is-vertical is-content-justification-center is-nowrap is-layout-flex wp-container-core-group-is-layout-e224a380 wp-block-group-is-layout-flex\">\n<figure class=\"wp-block-image aligncenter size-full is-resized wp-duotone-rgb416181-rgb416181-1\" style=\"margin-bottom:var(--wp--preset--spacing--40)\"><img loading=\"lazy\" decoding=\"async\" width=\"800\" height=\"712\" src=\"https:\/\/werola.de\/wp-content\/uploads\/2025\/03\/Werola-Logo_blue-1.png\" alt=\"\" class=\"wp-image-163\" style=\"width:148px;height:auto\" srcset=\"https:\/\/www.werola.de\/wp-content\/uploads\/2025\/03\/Werola-Logo_blue-1.png 800w, https:\/\/www.werola.de\/wp-content\/uploads\/2025\/03\/Werola-Logo_blue-1-300x267.png 300w, https:\/\/www.werola.de\/wp-content\/uploads\/2025\/03\/Werola-Logo_blue-1-768x684.png 768w\" sizes=\"auto, (max-width: 800px) 100vw, 800px\" \/><\/figure>\n\n\n\n<h1 class=\"wp-block-heading has-text-align-center has-contrast-color has-text-color has-link-color has-malam-font-family wp-elements-dfb15c907f360b9631c1a12b2d16754b\" style=\"padding-top:0px;padding-right:0px;padding-bottom:0px;padding-left:0px;font-size:clamp(35.641px, 2.228rem + ((1vw - 3.2px) * 2.878), 65px);letter-spacing:1px;line-height:1.1;text-transform:uppercase\">Packaging Paper<\/h1>\n<\/div>\n<\/div>\n\n\n\n<div class=\"wp-block-group alignfull has-global-padding is-layout-constrained wp-container-core-group-is-layout-ce74a924 wp-block-group-is-layout-constrained\" style=\"margin-top:0;margin-bottom:0;padding-top:var(--wp--preset--spacing--50);padding-bottom:var(--wp--preset--spacing--50)\">\n<div class=\"wp-block-columns is-layout-flex wp-container-core-columns-is-layout-28f84493 wp-block-columns-is-layout-flex\">\n<div class=\"wp-block-column is-layout-flow wp-block-column-is-layout-flow\" style=\"flex-basis:100%\">\n<h2 class=\"wp-block-heading has-text-align-left is-style-text-subtitle has-manrope-font-family is-style-text-subtitle--2\">Our packaging paper qualities<\/h2>\n<\/div>\n\n\n\n<div class=\"wp-block-column is-layout-flow wp-block-column-is-layout-flow\" style=\"flex-basis:100%\">\n<div class=\"wp-block-buttons is-content-justification-right is-layout-flex wp-container-core-buttons-is-layout-fc306653 wp-block-buttons-is-layout-flex\">\n<div class=\"wp-block-button\"><a class=\"wp-block-button__link wp-element-button\" href=\"https:\/\/www.werola.de\/en\/kataloge\/\" style=\"font-style:normal;font-weight:600\" target=\"_blank\" rel=\"noreferrer noopener\">Catalogs<\/a><\/div>\n<\/div>\n<\/div>\n<\/div>\n\n\n\n<div style=\"height:27px\" aria-hidden=\"true\" class=\"wp-block-spacer\"><\/div>\n\n\n\n<div class=\"wp-block-columns is-layout-flex wp-container-core-columns-is-layout-b9f9e548 wp-block-columns-is-layout-flex\" style=\"margin-top:25px\">\n<div class=\"wp-block-column is-layout-flow wp-block-column-is-layout-flow\" style=\"flex-basis:100%\">\n<div class=\"wp-block-group is-nowrap is-layout-flex wp-container-core-group-is-layout-c0d5ccf6 wp-block-group-is-layout-flex\">\n<h2 class=\"wp-block-heading\" style=\"border-style:none;border-width:0px;border-radius:0px;margin-top:0px;margin-right:0px;margin-bottom:0px;margin-left:0px;padding-top:0px;padding-right:0px;padding-bottom:0px;padding-left:0px;font-style:normal;font-weight:600;letter-spacing:1px\">Ribbed<\/h2>\n\n\n\n<h2 class=\"wp-block-heading has-custom-color-1-color has-text-color has-link-color wp-elements-6d37e5819bebf5e4ee1efc8bc6c4d160\" style=\"padding-left:5px;font-style:normal;font-weight:100;letter-spacing:1px\">Packaging Paper<\/h2>\n<\/div>\n\n\n\n<p class=\"has-small-font-size\">Discover our high-quality, coloured ribbed wrapping paper \u2013 tear-resistant, sustainable and versatile! Whether for gift wrapping, large craft projects, stage sets or decorations, our wide range of colours offers the perfect solution for your creative ideas. 100% recyclable and biodegradable, ideal for eco-conscious design!<\/p>\n\n\n\n<div class=\"wp-block-group is-nowrap is-layout-flex wp-container-core-group-is-layout-c156bbb8 wp-block-group-is-layout-flex\" style=\"margin-top:var(--wp--preset--spacing--30);margin-bottom:var(--wp--preset--spacing--30)\">\n<p class=\"is-style-text-annotation is-style-text-annotation--3\" style=\"font-style:normal;font-weight:600\">60 - 65 gsm<\/p>\n\n\n\n<p class=\"is-style-text-annotation is-style-text-annotation--4\" style=\"font-style:normal;font-weight:600\">rolls<\/p>\n\n\n\n<p class=\"is-style-text-annotation is-style-text-annotation--5\" style=\"font-style:normal;font-weight:600\">100% recyclable and biodegradable<\/p>\n<\/div>\n<\/div>\n\n\n\n<div class=\"wp-block-column is-layout-flow wp-block-column-is-layout-flow\" style=\"flex-basis:100%\">\n<figure class=\"wp-block-image size-large has-custom-border\"><img loading=\"lazy\" decoding=\"async\" width=\"1024\" height=\"576\" src=\"https:\/\/werola.de\/wp-content\/uploads\/2025\/03\/DSC_0022-wide-1024x576.jpg\" alt=\"\" class=\"has-border-color has-custom-color-1-border-color wp-image-304\" style=\"border-width:1px;border-radius:20px;aspect-ratio:16\/9;object-fit:cover\" srcset=\"https:\/\/www.werola.de\/wp-content\/uploads\/2025\/03\/DSC_0022-wide-1024x576.jpg 1024w, https:\/\/www.werola.de\/wp-content\/uploads\/2025\/03\/DSC_0022-wide-300x169.jpg 300w, https:\/\/www.werola.de\/wp-content\/uploads\/2025\/03\/DSC_0022-wide-768x432.jpg 768w, https:\/\/www.werola.de\/wp-content\/uploads\/2025\/03\/DSC_0022-wide.jpg 1422w\" sizes=\"auto, (max-width: 1024px) 100vw, 1024px\" \/><\/figure>\n<\/div>\n<\/div>\n\n\n\n<div class=\"wp-block-columns is-layout-flex wp-container-core-columns-is-layout-b9f9e548 wp-block-columns-is-layout-flex\" style=\"margin-top:25px\">\n<div class=\"wp-block-column is-layout-flow wp-block-column-is-layout-flow\" style=\"flex-basis:100%\">\n<div class=\"wp-block-group is-nowrap is-layout-flex wp-container-core-group-is-layout-c0d5ccf6 wp-block-group-is-layout-flex\">\n<h2 class=\"wp-block-heading\" style=\"border-style:none;border-width:0px;border-radius:0px;margin-top:0px;margin-right:0px;margin-bottom:0px;margin-left:0px;padding-top:0px;padding-right:0px;padding-bottom:0px;padding-left:0px;font-style:normal;font-weight:600;letter-spacing:1px\">ECO Packaging Paper ribbed<\/h2>\n\n\n\n<h2 class=\"wp-block-heading has-custom-color-1-color has-text-color has-link-color wp-elements-3ddbc52081e3b898981a979a12596d75\" style=\"padding-left:5px;font-style:normal;font-weight:100;letter-spacing:1px\">100% recycled<\/h2>\n<\/div>\n\n\n\n<p class=\"has-small-font-size\">Setzen Sie auf Nachhaltigkeit mit unserem 100 % recycelten, gerippten ECO-Packpapier! Dieses hochwertige, rei\u00dffeste Kraftpapier wird aus wiedergewonnenem Papier hergestellt und hilft, Ressourcen zu schonen. Perfekt f\u00fcr umweltfreundliche Verpackungen, kreative Bastelprojekte und den professionellen Einsatz!<\/p>\n\n\n\n<div class=\"wp-block-group is-nowrap is-layout-flex wp-container-core-group-is-layout-c156bbb8 wp-block-group-is-layout-flex\" style=\"margin-top:var(--wp--preset--spacing--30);margin-bottom:var(--wp--preset--spacing--30)\">\n<p class=\"is-style-text-annotation is-style-text-annotation--6\" style=\"font-style:normal;font-weight:600\">70 gsm<\/p>\n\n\n\n<p class=\"is-style-text-annotation is-style-text-annotation--7\" style=\"font-style:normal;font-weight:600\">rolls &amp; sheets<\/p>\n\n\n\n<p class=\"is-style-text-annotation is-style-text-annotation--8\" style=\"font-style:normal;font-weight:600\">100% recycled<\/p>\n<\/div>\n<\/div>\n\n\n\n<div class=\"wp-block-column is-layout-flow wp-block-column-is-layout-flow\" style=\"flex-basis:100%\">\n<figure class=\"wp-block-image size-large has-custom-border\"><img loading=\"lazy\" decoding=\"async\" width=\"1024\" height=\"576\" src=\"https:\/\/werola.de\/wp-content\/uploads\/2025\/03\/Packpapier_Plano-wide-1024x576.jpg\" alt=\"\" class=\"has-border-color has-custom-color-1-border-color wp-image-305\" style=\"border-width:1px;border-radius:20px;aspect-ratio:16\/9;object-fit:cover\" srcset=\"https:\/\/www.werola.de\/wp-content\/uploads\/2025\/03\/Packpapier_Plano-wide-1024x576.jpg 1024w, https:\/\/www.werola.de\/wp-content\/uploads\/2025\/03\/Packpapier_Plano-wide-300x169.jpg 300w, https:\/\/www.werola.de\/wp-content\/uploads\/2025\/03\/Packpapier_Plano-wide-768x432.jpg 768w, https:\/\/www.werola.de\/wp-content\/uploads\/2025\/03\/Packpapier_Plano-wide.jpg 1422w\" sizes=\"auto, (max-width: 1024px) 100vw, 1024px\" \/><\/figure>\n<\/div>\n<\/div>\n<\/div>\n\n\n\n<div class=\"wp-block-group alignfull has-global-padding is-layout-constrained wp-block-group-is-layout-constrained\" style=\"margin-top:0;margin-bottom:0;padding-top:var(--wp--preset--spacing--50);padding-bottom:var(--wp--preset--spacing--50)\">\n<div class=\"wp-block-group alignwide is-layout-grid wp-container-core-group-is-layout-a56be173 wp-block-group-is-layout-grid\" style=\"margin-top:0;margin-bottom:0\">\n<div class=\"wp-block-group is-style-section-3 has-global-padding is-layout-constrained wp-container-core-group-is-layout-7307e230 wp-block-group-is-layout-constrained is-style-section-3--9\" style=\"margin-top:0;margin-bottom:0;padding-top:0px;padding-right:0;padding-left:0\">\n<div class=\"wp-block-group is-vertical is-content-justification-center is-layout-flex wp-container-core-group-is-layout-4aa192bb wp-block-group-is-layout-flex\" style=\"min-height:100%\">\n<h2 class=\"wp-block-heading has-text-align-center has-base-color has-text-color has-link-color has-x-large-font-size wp-elements-d985cfcb51f0d78ab636935f10dac31f\">What you can do<br>with Packaging Paper<\/h2>\n<\/div>\n<\/div>\n\n\n\n<figure class=\"wp-block-image size-full\" style=\"margin-top:0;margin-bottom:0\"><img loading=\"lazy\" decoding=\"async\" width=\"1620\" height=\"1080\" src=\"https:\/\/werola.de\/wp-content\/uploads\/2025\/03\/Packpapier-Paeckchen-3.jpg\" alt=\"P\u00e4ckchen, und ein Buch in Packpapier eingepackt. Zwei Rollen Packpackpapier auf Packpapierb\u00f6gen\" class=\"wp-image-334\" style=\"aspect-ratio:1;object-fit:cover\" srcset=\"https:\/\/www.werola.de\/wp-content\/uploads\/2025\/03\/Packpapier-Paeckchen-3.jpg 1620w, https:\/\/www.werola.de\/wp-content\/uploads\/2025\/03\/Packpapier-Paeckchen-3-300x200.jpg 300w, https:\/\/www.werola.de\/wp-content\/uploads\/2025\/03\/Packpapier-Paeckchen-3-1024x683.jpg 1024w, https:\/\/www.werola.de\/wp-content\/uploads\/2025\/03\/Packpapier-Paeckchen-3-768x512.jpg 768w, https:\/\/www.werola.de\/wp-content\/uploads\/2025\/03\/Packpapier-Paeckchen-3-1536x1024.jpg 1536w\" sizes=\"auto, (max-width: 1620px) 100vw, 1620px\" \/><\/figure>\n\n\n\n<figure class=\"wp-block-image size-full\"><img loading=\"lazy\" decoding=\"async\" width=\"1620\" height=\"1080\" src=\"https:\/\/werola.de\/wp-content\/uploads\/2025\/03\/christmas-1217252_gefaerbt.jpg\" alt=\"Geschenkp\u00e4ckchen in farbiges Packpapier eingepackt\" class=\"wp-image-278\" style=\"aspect-ratio:1;object-fit:cover\" srcset=\"https:\/\/www.werola.de\/wp-content\/uploads\/2025\/03\/christmas-1217252_gefaerbt.jpg 1620w, https:\/\/www.werola.de\/wp-content\/uploads\/2025\/03\/christmas-1217252_gefaerbt-300x200.jpg 300w, https:\/\/www.werola.de\/wp-content\/uploads\/2025\/03\/christmas-1217252_gefaerbt-1024x683.jpg 1024w, https:\/\/www.werola.de\/wp-content\/uploads\/2025\/03\/christmas-1217252_gefaerbt-768x512.jpg 768w, https:\/\/www.werola.de\/wp-content\/uploads\/2025\/03\/christmas-1217252_gefaerbt-1536x1024.jpg 1536w\" sizes=\"auto, (max-width: 1620px) 100vw, 1620px\" \/><\/figure>\n\n\n\n<figure class=\"wp-block-image size-full\"><img loading=\"lazy\" decoding=\"async\" width=\"2560\" height=\"1436\" src=\"https:\/\/werola.de\/wp-content\/uploads\/2026\/01\/AdobeStock_1803087025-scaled.jpeg\" alt=\"\" class=\"wp-image-1068\" style=\"aspect-ratio:1;object-fit:cover\" srcset=\"https:\/\/www.werola.de\/wp-content\/uploads\/2026\/01\/AdobeStock_1803087025-scaled.jpeg 2560w, https:\/\/www.werola.de\/wp-content\/uploads\/2026\/01\/AdobeStock_1803087025-300x168.jpeg 300w, https:\/\/www.werola.de\/wp-content\/uploads\/2026\/01\/AdobeStock_1803087025-1024x574.jpeg 1024w, https:\/\/www.werola.de\/wp-content\/uploads\/2026\/01\/AdobeStock_1803087025-768x431.jpeg 768w, https:\/\/www.werola.de\/wp-content\/uploads\/2026\/01\/AdobeStock_1803087025-1536x862.jpeg 1536w, https:\/\/www.werola.de\/wp-content\/uploads\/2026\/01\/AdobeStock_1803087025-2048x1149.jpeg 2048w, https:\/\/www.werola.de\/wp-content\/uploads\/2026\/01\/AdobeStock_1803087025-18x10.jpeg 18w\" sizes=\"auto, (max-width: 2560px) 100vw, 2560px\" \/><\/figure>\n\n\n\n<figure class=\"wp-block-image size-full\"><img loading=\"lazy\" decoding=\"async\" width=\"650\" height=\"650\" src=\"https:\/\/werola.de\/wp-content\/uploads\/2025\/03\/gifts-570816_gefaerbt-1.jpg\" alt=\"P\u00e4ckchen eingepackt in pastelligem Packpapier\" class=\"wp-image-335\" style=\"aspect-ratio:1;object-fit:cover\" srcset=\"https:\/\/www.werola.de\/wp-content\/uploads\/2025\/03\/gifts-570816_gefaerbt-1.jpg 650w, https:\/\/www.werola.de\/wp-content\/uploads\/2025\/03\/gifts-570816_gefaerbt-1-300x300.jpg 300w, https:\/\/www.werola.de\/wp-content\/uploads\/2025\/03\/gifts-570816_gefaerbt-1-150x150.jpg 150w\" sizes=\"auto, (max-width: 650px) 100vw, 650px\" \/><\/figure>\n<\/div>\n<\/div>\n\n\n\n<p><\/p>","protected":false},"excerpt":{"rendered":"<p>Packpapiere Unsere Packpapier qualit\u00e4ten Geripptes Packpapier Entdecken Sie unser hochwertiges, farbiges geripptes Packpapier \u2013 rei\u00dffest, nachhaltig und vielseitig einsetzbar! Ob f\u00fcr Geschenkverpackungen, gro\u00dfe Bastelprojekte, B\u00fchnenbilder oder Dekorationen \u2013 unsere breite Farbpalette bietet die perfekte L\u00f6sung f\u00fcr Ihre kreativen Ideen. 100 % recycelbar und biologisch abbaubar, ideal f\u00fcr umweltbewusstes Gestalten! 60 &#8211; 65 g\/m\u00b2 Rollen 100% [&hellip;]<\/p>\n","protected":false},"author":1,"featured_media":0,"parent":0,"menu_order":0,"comment_status":"closed","ping_status":"closed","template":"","meta":{"footnotes":""},"class_list":["post-41","page","type-page","status-publish","hentry"],"yoast_head":"<!-- This site is optimized with the Yoast SEO plugin v27.6 - https:\/\/yoast.com\/product\/yoast-seo-wordpress\/ -->\n<title>Packpapiere Werola<\/title>\n<meta name=\"description\" content=\"Entdecken Sie unsere nachhaltige Packpapiere \u2013 gerippt, rei\u00dffest und vielseitig einsetzbar. 100\u202f% recycelbar und biologisch abbaubar.\" \/>\n<meta name=\"robots\" content=\"index, follow, max-snippet:-1, max-image-preview:large, max-video-preview:-1\" \/>\n<link rel=\"canonical\" href=\"https:\/\/www.werola.de\/en\/packpapiere\/\" \/>\n<meta property=\"og:locale\" content=\"en_US\" \/>\n<meta property=\"og:type\" content=\"article\" \/>\n<meta property=\"og:title\" content=\"Packpapiere Werola\" \/>\n<meta property=\"og:description\" content=\"Entdecken Sie unsere nachhaltige Packpapiere \u2013 gerippt, rei\u00dffest und vielseitig einsetzbar. 100\u202f% recycelbar und biologisch abbaubar.\" \/>\n<meta property=\"og:url\" content=\"https:\/\/www.werola.de\/en\/packpapiere\/\" \/>\n<meta property=\"og:site_name\" content=\"Werola\" \/>\n<meta property=\"article:modified_time\" content=\"2026-02-03T13:10:18+00:00\" \/>\n<meta property=\"og:image\" content=\"https:\/\/werola.de\/wp-content\/uploads\/2025\/03\/Werola-Logo_blue-1.png\" \/>\n<meta name=\"twitter:card\" content=\"summary_large_image\" \/>\n<meta name=\"twitter:label1\" content=\"Est. reading time\" \/>\n\t<meta name=\"twitter:data1\" content=\"3 minutes\" \/>\n<script type=\"application\/ld+json\" class=\"yoast-schema-graph\">{\"@context\":\"https:\\\/\\\/schema.org\",\"@graph\":[{\"@type\":\"WebPage\",\"@id\":\"https:\\\/\\\/www.werola.de\\\/packpapiere\\\/\",\"url\":\"https:\\\/\\\/www.werola.de\\\/packpapiere\\\/\",\"name\":\"Packpapiere Werola\",\"isPartOf\":{\"@id\":\"https:\\\/\\\/www.werola.de\\\/en\\\/#website\"},\"primaryImageOfPage\":{\"@id\":\"https:\\\/\\\/www.werola.de\\\/packpapiere\\\/#primaryimage\"},\"image\":{\"@id\":\"https:\\\/\\\/www.werola.de\\\/packpapiere\\\/#primaryimage\"},\"thumbnailUrl\":\"https:\\\/\\\/werola.de\\\/wp-content\\\/uploads\\\/2025\\\/03\\\/Werola-Logo_blue-1.png\",\"datePublished\":\"2025-03-04T14:48:20+00:00\",\"dateModified\":\"2026-02-03T13:10:18+00:00\",\"description\":\"Entdecken Sie unsere nachhaltige Packpapiere \u2013 gerippt, rei\u00dffest und vielseitig einsetzbar. 100\u202f% recycelbar und biologisch abbaubar.\",\"breadcrumb\":{\"@id\":\"https:\\\/\\\/www.werola.de\\\/packpapiere\\\/#breadcrumb\"},\"inLanguage\":\"en-US\",\"potentialAction\":[{\"@type\":\"ReadAction\",\"target\":[\"https:\\\/\\\/www.werola.de\\\/packpapiere\\\/\"]}]},{\"@type\":\"ImageObject\",\"inLanguage\":\"en-US\",\"@id\":\"https:\\\/\\\/www.werola.de\\\/packpapiere\\\/#primaryimage\",\"url\":\"https:\\\/\\\/werola.de\\\/wp-content\\\/uploads\\\/2025\\\/03\\\/Werola-Logo_blue-1.png\",\"contentUrl\":\"https:\\\/\\\/werola.de\\\/wp-content\\\/uploads\\\/2025\\\/03\\\/Werola-Logo_blue-1.png\"},{\"@type\":\"BreadcrumbList\",\"@id\":\"https:\\\/\\\/www.werola.de\\\/packpapiere\\\/#breadcrumb\",\"itemListElement\":[{\"@type\":\"ListItem\",\"position\":1,\"name\":\"Startseite\",\"item\":\"https:\\\/\\\/www.werola.de\\\/en\\\/\"},{\"@type\":\"ListItem\",\"position\":2,\"name\":\"Packpapiere\"}]},{\"@type\":\"WebSite\",\"@id\":\"https:\\\/\\\/www.werola.de\\\/en\\\/#website\",\"url\":\"https:\\\/\\\/www.werola.de\\\/en\\\/\",\"name\":\"www.werola.de\",\"description\":\"\",\"publisher\":{\"@id\":\"https:\\\/\\\/www.werola.de\\\/en\\\/#organization\"},\"potentialAction\":[{\"@type\":\"SearchAction\",\"target\":{\"@type\":\"EntryPoint\",\"urlTemplate\":\"https:\\\/\\\/www.werola.de\\\/en\\\/?s={search_term_string}\"},\"query-input\":{\"@type\":\"PropertyValueSpecification\",\"valueRequired\":true,\"valueName\":\"search_term_string\"}}],\"inLanguage\":\"en-US\"},{\"@type\":\"Organization\",\"@id\":\"https:\\\/\\\/www.werola.de\\\/en\\\/#organization\",\"name\":\"Seaman Paper Europe GmbH\",\"alternateName\":\"Werola\",\"url\":\"https:\\\/\\\/www.werola.de\\\/en\\\/\",\"logo\":{\"@type\":\"ImageObject\",\"inLanguage\":\"en-US\",\"@id\":\"https:\\\/\\\/www.werola.de\\\/en\\\/#\\\/schema\\\/logo\\\/image\\\/\",\"url\":\"https:\\\/\\\/werola.de\\\/wp-content\\\/uploads\\\/2025\\\/03\\\/SeamanPaper-Primary-Black.png\",\"contentUrl\":\"https:\\\/\\\/werola.de\\\/wp-content\\\/uploads\\\/2025\\\/03\\\/SeamanPaper-Primary-Black.png\",\"width\":1300,\"height\":402,\"caption\":\"Seaman Paper Europe GmbH\"},\"image\":{\"@id\":\"https:\\\/\\\/www.werola.de\\\/en\\\/#\\\/schema\\\/logo\\\/image\\\/\"}}]}<\/script>\n<!-- \/ Yoast SEO plugin. -->","yoast_head_json":{"title":"Packpapiere Werola","description":"Entdecken Sie unsere nachhaltige Packpapiere \u2013 gerippt, rei\u00dffest und vielseitig einsetzbar. 100\u202f% recycelbar und biologisch abbaubar.","robots":{"index":"index","follow":"follow","max-snippet":"max-snippet:-1","max-image-preview":"max-image-preview:large","max-video-preview":"max-video-preview:-1"},"canonical":"https:\/\/www.werola.de\/en\/packpapiere\/","og_locale":"en_US","og_type":"article","og_title":"Packpapiere Werola","og_description":"Entdecken Sie unsere nachhaltige Packpapiere \u2013 gerippt, rei\u00dffest und vielseitig einsetzbar. 100\u202f% recycelbar und biologisch abbaubar.","og_url":"https:\/\/www.werola.de\/en\/packpapiere\/","og_site_name":"Werola","article_modified_time":"2026-02-03T13:10:18+00:00","og_image":[{"url":"https:\/\/werola.de\/wp-content\/uploads\/2025\/03\/Werola-Logo_blue-1.png","type":"","width":"","height":""}],"twitter_card":"summary_large_image","twitter_misc":{"Est. reading time":"3 minutes"},"schema":{"@context":"https:\/\/schema.org","@graph":[{"@type":"WebPage","@id":"https:\/\/www.werola.de\/packpapiere\/","url":"https:\/\/www.werola.de\/packpapiere\/","name":"Packpapiere Werola","isPartOf":{"@id":"https:\/\/www.werola.de\/en\/#website"},"primaryImageOfPage":{"@id":"https:\/\/www.werola.de\/packpapiere\/#primaryimage"},"image":{"@id":"https:\/\/www.werola.de\/packpapiere\/#primaryimage"},"thumbnailUrl":"https:\/\/werola.de\/wp-content\/uploads\/2025\/03\/Werola-Logo_blue-1.png","datePublished":"2025-03-04T14:48:20+00:00","dateModified":"2026-02-03T13:10:18+00:00","description":"Entdecken Sie unsere nachhaltige Packpapiere \u2013 gerippt, rei\u00dffest und vielseitig einsetzbar. 100\u202f% recycelbar und biologisch abbaubar.","breadcrumb":{"@id":"https:\/\/www.werola.de\/packpapiere\/#breadcrumb"},"inLanguage":"en-US","potentialAction":[{"@type":"ReadAction","target":["https:\/\/www.werola.de\/packpapiere\/"]}]},{"@type":"ImageObject","inLanguage":"en-US","@id":"https:\/\/www.werola.de\/packpapiere\/#primaryimage","url":"https:\/\/werola.de\/wp-content\/uploads\/2025\/03\/Werola-Logo_blue-1.png","contentUrl":"https:\/\/werola.de\/wp-content\/uploads\/2025\/03\/Werola-Logo_blue-1.png"},{"@type":"BreadcrumbList","@id":"https:\/\/www.werola.de\/packpapiere\/#breadcrumb","itemListElement":[{"@type":"ListItem","position":1,"name":"Startseite","item":"https:\/\/www.werola.de\/en\/"},{"@type":"ListItem","position":2,"name":"Packpapiere"}]},{"@type":"WebSite","@id":"https:\/\/www.werola.de\/en\/#website","url":"https:\/\/www.werola.de\/en\/","name":"www.werola.de","description":"","publisher":{"@id":"https:\/\/www.werola.de\/en\/#organization"},"potentialAction":[{"@type":"SearchAction","target":{"@type":"EntryPoint","urlTemplate":"https:\/\/www.werola.de\/en\/?s={search_term_string}"},"query-input":{"@type":"PropertyValueSpecification","valueRequired":true,"valueName":"search_term_string"}}],"inLanguage":"en-US"},{"@type":"Organization","@id":"https:\/\/www.werola.de\/en\/#organization","name":"Seaman Paper Europe GmbH","alternateName":"Werola","url":"https:\/\/www.werola.de\/en\/","logo":{"@type":"ImageObject","inLanguage":"en-US","@id":"https:\/\/www.werola.de\/en\/#\/schema\/logo\/image\/","url":"https:\/\/werola.de\/wp-content\/uploads\/2025\/03\/SeamanPaper-Primary-Black.png","contentUrl":"https:\/\/werola.de\/wp-content\/uploads\/2025\/03\/SeamanPaper-Primary-Black.png","width":1300,"height":402,"caption":"Seaman Paper Europe GmbH"},"image":{"@id":"https:\/\/www.werola.de\/en\/#\/schema\/logo\/image\/"}}]}},"_links":{"self":[{"href":"https:\/\/www.werola.de\/en\/wp-json\/wp\/v2\/pages\/41","targetHints":{"allow":["GET"]}}],"collection":[{"href":"https:\/\/www.werola.de\/en\/wp-json\/wp\/v2\/pages"}],"about":[{"href":"https:\/\/www.werola.de\/en\/wp-json\/wp\/v2\/types\/page"}],"author":[{"embeddable":true,"href":"https:\/\/www.werola.de\/en\/wp-json\/wp\/v2\/users\/1"}],"replies":[{"embeddable":true,"href":"https:\/\/www.werola.de\/en\/wp-json\/wp\/v2\/comments?post=41"}],"version-history":[{"count":19,"href":"https:\/\/www.werola.de\/en\/wp-json\/wp\/v2\/pages\/41\/revisions"}],"predecessor-version":[{"id":1069,"href":"https:\/\/www.werola.de\/en\/wp-json\/wp\/v2\/pages\/41\/revisions\/1069"}],"wp:attachment":[{"href":"https:\/\/www.werola.de\/en\/wp-json\/wp\/v2\/media?parent=41"}],"curies":[{"name":"wp","href":"https:\/\/api.w.org\/{rel}","templated":true}]}}