{"id":47,"date":"2025-03-04T15:49:26","date_gmt":"2025-03-04T14:49:26","guid":{"rendered":"https:\/\/werola.de\/?page_id=47"},"modified":"2026-02-03T14:10:17","modified_gmt":"2026-02-03T13:10:17","slug":"karriere","status":"publish","type":"page","link":"https:\/\/www.werola.de\/en\/karriere\/","title":{"rendered":"Vacancies"},"content":{"rendered":"<div class=\"wp-block-group alignfull has-contrast-background-color has-background is-content-justification-center is-nowrap is-layout-flex wp-container-core-group-is-layout-23441af8 wp-block-group-is-layout-flex\" id=\"Titel\" style=\"min-height:400px\">\n<div class=\"wp-block-group is-vertical is-content-justification-center is-nowrap is-layout-flex wp-container-core-group-is-layout-e224a380 wp-block-group-is-layout-flex\">\n<figure class=\"wp-block-image aligncenter size-full is-resized wp-duotone-ffffff-rgb254254254-1\" style=\"margin-bottom:var(--wp--preset--spacing--40)\"><img loading=\"lazy\" decoding=\"async\" width=\"800\" height=\"712\" src=\"https:\/\/werola.de\/wp-content\/uploads\/2025\/03\/Werola-Logo_blue-1.png\" alt=\"\" class=\"wp-image-163\" style=\"width:148px;height:auto\" srcset=\"https:\/\/www.werola.de\/wp-content\/uploads\/2025\/03\/Werola-Logo_blue-1.png 800w, https:\/\/www.werola.de\/wp-content\/uploads\/2025\/03\/Werola-Logo_blue-1-300x267.png 300w, https:\/\/www.werola.de\/wp-content\/uploads\/2025\/03\/Werola-Logo_blue-1-768x684.png 768w\" sizes=\"auto, (max-width: 800px) 100vw, 800px\" \/><\/figure>\n\n\n\n<h1 class=\"wp-block-heading has-text-align-center has-base-color has-text-color has-link-color has-malam-font-family wp-elements-86063a195108d392c9d83c56ff8fe45d\" style=\"padding-top:0px;padding-right:0px;padding-bottom:0px;padding-left:0px;font-size:clamp(35.641px, 2.228rem + ((1vw - 3.2px) * 2.878), 65px);letter-spacing:1px;line-height:1.1;text-transform:uppercase\">Vacancies<\/h1>\n<\/div>\n<\/div>\n\n\n\n<div class=\"wp-block-group alignwide is-layout-flex wp-block-group-is-layout-flex\" style=\"margin-top:var(--wp--preset--spacing--50)\">\n<p class=\"has-medium-font-size\">Seaman Paper is the leading&nbsp;<strong>Supplier of tissue and crepe papers<\/strong>&nbsp;also known under the Werola brand. We stand for innovative paper solutions and are proud to have&nbsp;<strong>developed a new portfolio of sustainable products<\/strong>&nbsp;that strategically combines commercial success with the company's sustainable values. In its 75-year history, Seaman Paper has developed&nbsp;<strong>into a market-leading companies<\/strong>&nbsp;in its industry. Seaman Paper is headquartered in the United States and has offices in North America, Europe and Asia.<\/p>\n<\/div>\n\n\n\n<div class=\"wp-block-group alignfull has-global-padding is-layout-constrained wp-container-core-group-is-layout-4651deb1 wp-block-group-is-layout-constrained\" style=\"margin-top:0;margin-bottom:0;padding-top:var(--wp--preset--spacing--70);padding-bottom:var(--wp--preset--spacing--70)\">\n<div class=\"wp-block-columns alignwide is-layout-flex wp-container-core-columns-is-layout-08a2a807 wp-block-columns-is-layout-flex\">\n<div class=\"wp-block-column is-vertically-aligned-center is-layout-flow wp-block-column-is-layout-flow\">\n<h2 class=\"wp-block-heading has-xx-large-font-size\">There are no vacancies at the moment<\/h2>\n\n\n\n<ul style=\"margin-top:var(--wp--preset--spacing--40);margin-bottom:var(--wp--preset--spacing--40);padding-left:var(--wp--preset--spacing--30)\" class=\"wp-block-list is-style-checkmark-list has-base-color has-text-color has-link-color wp-elements-1452b38863267c9e4cfdf7ba4ba403de\">\n<li class=\"has-medium-font-size\">Erhalte Zugang zu unseren bezahlten Artikeln und unserem w\u00f6chentlichen Newsletter.<\/li>\n\n\n\n<li class=\"has-medium-font-size\">Nimm an unseren IRL-Veranstaltungen teil.<\/li>\n\n\n\n<li class=\"has-medium-font-size\">Erhalte eine kostenlose Tragetasche.<\/li>\n\n\n\n<li class=\"has-medium-font-size\">Eine elegante Erg\u00e4nzung der Wohnkultur-Kollektion.<\/li>\n\n\n\n<li class=\"has-medium-font-size\">Tritt unseren Foren bei.<\/li>\n<\/ul>\n\n\n\n<div class=\"wp-block-buttons is-content-justification-left is-nowrap is-layout-flex wp-container-core-buttons-is-layout-92e17da2 wp-block-buttons-is-layout-flex\">\n<div class=\"wp-block-button is-style-fill\"><a class=\"wp-block-button__link has-base-color has-base-background-color has-text-color has-background has-link-color wp-element-button\">Bewerben<\/a><\/div>\n<\/div>\n<\/div>\n\n\n\n<div class=\"wp-block-column is-vertically-aligned-center is-layout-flow wp-block-column-is-layout-flow\">\n<figure class=\"wp-block-image alignright size-full is-resized\"><img loading=\"lazy\" decoding=\"async\" width=\"2560\" height=\"1920\" src=\"https:\/\/werola.de\/wp-content\/uploads\/2025\/03\/SPE-2021_4-3-scaled.jpg\" alt=\"\" class=\"wp-image-348\" style=\"aspect-ratio:1.5;object-fit:cover;width:467px;height:auto\" srcset=\"https:\/\/www.werola.de\/wp-content\/uploads\/2025\/03\/SPE-2021_4-3-scaled.jpg 2560w, https:\/\/www.werola.de\/wp-content\/uploads\/2025\/03\/SPE-2021_4-3-300x225.jpg 300w, https:\/\/www.werola.de\/wp-content\/uploads\/2025\/03\/SPE-2021_4-3-1024x768.jpg 1024w, https:\/\/www.werola.de\/wp-content\/uploads\/2025\/03\/SPE-2021_4-3-768x576.jpg 768w, https:\/\/www.werola.de\/wp-content\/uploads\/2025\/03\/SPE-2021_4-3-1536x1152.jpg 1536w, https:\/\/www.werola.de\/wp-content\/uploads\/2025\/03\/SPE-2021_4-3-2048x1536.jpg 2048w\" sizes=\"auto, (max-width: 2560px) 100vw, 2560px\" \/><\/figure>\n<\/div>\n<\/div>\n<\/div>","protected":false},"excerpt":{"rendered":"<p>Karriere Seaman Paper ist der f\u00fchrende&nbsp;Anbieter von Seiden- und Krepppapieren&nbsp;auch bekannt unter der Marke Werola. Wir stehen f\u00fcr innovative Papierl\u00f6sungen und sind stolz darauf, ein&nbsp;neues Portfolio nachhaltiger Produkte&nbsp;entwickelt zu haben, das den kommerziellen Erfolg mit den nachhaltigen Werten des Unternehmens strategisch verbindet. In seiner 75-j\u00e4hrigen Geschichte hat sich Seaman Paper zu einem&nbsp;marktf\u00fchrenden Unternehmen&nbsp;in seiner Branche [&hellip;]<\/p>\n","protected":false},"author":1,"featured_media":0,"parent":0,"menu_order":0,"comment_status":"closed","ping_status":"closed","template":"","meta":{"footnotes":""},"class_list":["post-47","page","type-page","status-publish","hentry"],"yoast_head":"<!-- This site is optimized with the Yoast SEO plugin v27.6 - https:\/\/yoast.com\/product\/yoast-seo-wordpress\/ -->\n<title>Karriere - Werola<\/title>\n<meta name=\"robots\" content=\"index, follow, max-snippet:-1, max-image-preview:large, max-video-preview:-1\" \/>\n<link rel=\"canonical\" href=\"https:\/\/www.werola.de\/en\/karriere\/\" \/>\n<meta property=\"og:locale\" content=\"en_US\" \/>\n<meta property=\"og:type\" content=\"article\" \/>\n<meta property=\"og:title\" content=\"Karriere - Werola\" \/>\n<meta property=\"og:description\" content=\"Karriere Seaman Paper ist der f\u00fchrende&nbsp;Anbieter von Seiden- und Krepppapieren&nbsp;auch bekannt unter der Marke Werola. Wir stehen f\u00fcr innovative Papierl\u00f6sungen und sind stolz darauf, ein&nbsp;neues Portfolio nachhaltiger Produkte&nbsp;entwickelt zu haben, das den kommerziellen Erfolg mit den nachhaltigen Werten des Unternehmens strategisch verbindet. In seiner 75-j\u00e4hrigen Geschichte hat sich Seaman Paper zu einem&nbsp;marktf\u00fchrenden Unternehmen&nbsp;in seiner Branche [&hellip;]\" \/>\n<meta property=\"og:url\" content=\"https:\/\/www.werola.de\/en\/karriere\/\" \/>\n<meta property=\"og:site_name\" content=\"Werola\" \/>\n<meta property=\"article:modified_time\" content=\"2026-02-03T13:10:17+00:00\" \/>\n<meta property=\"og:image\" content=\"https:\/\/werola.de\/wp-content\/uploads\/2025\/03\/Werola-Logo_blue-1.png\" \/>\n<meta name=\"twitter:card\" content=\"summary_large_image\" \/>\n<meta name=\"twitter:label1\" content=\"Est. reading time\" \/>\n\t<meta name=\"twitter:data1\" content=\"1 minute\" \/>\n<script type=\"application\/ld+json\" class=\"yoast-schema-graph\">{\"@context\":\"https:\\\/\\\/schema.org\",\"@graph\":[{\"@type\":\"WebPage\",\"@id\":\"https:\\\/\\\/www.werola.de\\\/karriere\\\/\",\"url\":\"https:\\\/\\\/www.werola.de\\\/karriere\\\/\",\"name\":\"Karriere - Werola\",\"isPartOf\":{\"@id\":\"https:\\\/\\\/www.werola.de\\\/en\\\/#website\"},\"primaryImageOfPage\":{\"@id\":\"https:\\\/\\\/www.werola.de\\\/karriere\\\/#primaryimage\"},\"image\":{\"@id\":\"https:\\\/\\\/www.werola.de\\\/karriere\\\/#primaryimage\"},\"thumbnailUrl\":\"https:\\\/\\\/werola.de\\\/wp-content\\\/uploads\\\/2025\\\/03\\\/Werola-Logo_blue-1.png\",\"datePublished\":\"2025-03-04T14:49:26+00:00\",\"dateModified\":\"2026-02-03T13:10:17+00:00\",\"breadcrumb\":{\"@id\":\"https:\\\/\\\/www.werola.de\\\/karriere\\\/#breadcrumb\"},\"inLanguage\":\"en-US\",\"potentialAction\":[{\"@type\":\"ReadAction\",\"target\":[\"https:\\\/\\\/www.werola.de\\\/karriere\\\/\"]}]},{\"@type\":\"ImageObject\",\"inLanguage\":\"en-US\",\"@id\":\"https:\\\/\\\/www.werola.de\\\/karriere\\\/#primaryimage\",\"url\":\"https:\\\/\\\/werola.de\\\/wp-content\\\/uploads\\\/2025\\\/03\\\/Werola-Logo_blue-1.png\",\"contentUrl\":\"https:\\\/\\\/werola.de\\\/wp-content\\\/uploads\\\/2025\\\/03\\\/Werola-Logo_blue-1.png\"},{\"@type\":\"BreadcrumbList\",\"@id\":\"https:\\\/\\\/www.werola.de\\\/karriere\\\/#breadcrumb\",\"itemListElement\":[{\"@type\":\"ListItem\",\"position\":1,\"name\":\"Startseite\",\"item\":\"https:\\\/\\\/www.werola.de\\\/en\\\/\"},{\"@type\":\"ListItem\",\"position\":2,\"name\":\"Karriere\"}]},{\"@type\":\"WebSite\",\"@id\":\"https:\\\/\\\/www.werola.de\\\/en\\\/#website\",\"url\":\"https:\\\/\\\/www.werola.de\\\/en\\\/\",\"name\":\"www.werola.de\",\"description\":\"\",\"publisher\":{\"@id\":\"https:\\\/\\\/www.werola.de\\\/en\\\/#organization\"},\"potentialAction\":[{\"@type\":\"SearchAction\",\"target\":{\"@type\":\"EntryPoint\",\"urlTemplate\":\"https:\\\/\\\/www.werola.de\\\/en\\\/?s={search_term_string}\"},\"query-input\":{\"@type\":\"PropertyValueSpecification\",\"valueRequired\":true,\"valueName\":\"search_term_string\"}}],\"inLanguage\":\"en-US\"},{\"@type\":\"Organization\",\"@id\":\"https:\\\/\\\/www.werola.de\\\/en\\\/#organization\",\"name\":\"Seaman Paper Europe GmbH\",\"alternateName\":\"Werola\",\"url\":\"https:\\\/\\\/www.werola.de\\\/en\\\/\",\"logo\":{\"@type\":\"ImageObject\",\"inLanguage\":\"en-US\",\"@id\":\"https:\\\/\\\/www.werola.de\\\/en\\\/#\\\/schema\\\/logo\\\/image\\\/\",\"url\":\"https:\\\/\\\/werola.de\\\/wp-content\\\/uploads\\\/2025\\\/03\\\/SeamanPaper-Primary-Black.png\",\"contentUrl\":\"https:\\\/\\\/werola.de\\\/wp-content\\\/uploads\\\/2025\\\/03\\\/SeamanPaper-Primary-Black.png\",\"width\":1300,\"height\":402,\"caption\":\"Seaman Paper Europe GmbH\"},\"image\":{\"@id\":\"https:\\\/\\\/www.werola.de\\\/en\\\/#\\\/schema\\\/logo\\\/image\\\/\"}}]}<\/script>\n<!-- \/ Yoast SEO plugin. -->","yoast_head_json":{"title":"Karriere - Werola","robots":{"index":"index","follow":"follow","max-snippet":"max-snippet:-1","max-image-preview":"max-image-preview:large","max-video-preview":"max-video-preview:-1"},"canonical":"https:\/\/www.werola.de\/en\/karriere\/","og_locale":"en_US","og_type":"article","og_title":"Karriere - Werola","og_description":"Karriere Seaman Paper ist der f\u00fchrende&nbsp;Anbieter von Seiden- und Krepppapieren&nbsp;auch bekannt unter der Marke Werola. Wir stehen f\u00fcr innovative Papierl\u00f6sungen und sind stolz darauf, ein&nbsp;neues Portfolio nachhaltiger Produkte&nbsp;entwickelt zu haben, das den kommerziellen Erfolg mit den nachhaltigen Werten des Unternehmens strategisch verbindet. In seiner 75-j\u00e4hrigen Geschichte hat sich Seaman Paper zu einem&nbsp;marktf\u00fchrenden Unternehmen&nbsp;in seiner Branche [&hellip;]","og_url":"https:\/\/www.werola.de\/en\/karriere\/","og_site_name":"Werola","article_modified_time":"2026-02-03T13:10:17+00:00","og_image":[{"url":"https:\/\/werola.de\/wp-content\/uploads\/2025\/03\/Werola-Logo_blue-1.png","type":"","width":"","height":""}],"twitter_card":"summary_large_image","twitter_misc":{"Est. reading time":"1 minute"},"schema":{"@context":"https:\/\/schema.org","@graph":[{"@type":"WebPage","@id":"https:\/\/www.werola.de\/karriere\/","url":"https:\/\/www.werola.de\/karriere\/","name":"Karriere - Werola","isPartOf":{"@id":"https:\/\/www.werola.de\/en\/#website"},"primaryImageOfPage":{"@id":"https:\/\/www.werola.de\/karriere\/#primaryimage"},"image":{"@id":"https:\/\/www.werola.de\/karriere\/#primaryimage"},"thumbnailUrl":"https:\/\/werola.de\/wp-content\/uploads\/2025\/03\/Werola-Logo_blue-1.png","datePublished":"2025-03-04T14:49:26+00:00","dateModified":"2026-02-03T13:10:17+00:00","breadcrumb":{"@id":"https:\/\/www.werola.de\/karriere\/#breadcrumb"},"inLanguage":"en-US","potentialAction":[{"@type":"ReadAction","target":["https:\/\/www.werola.de\/karriere\/"]}]},{"@type":"ImageObject","inLanguage":"en-US","@id":"https:\/\/www.werola.de\/karriere\/#primaryimage","url":"https:\/\/werola.de\/wp-content\/uploads\/2025\/03\/Werola-Logo_blue-1.png","contentUrl":"https:\/\/werola.de\/wp-content\/uploads\/2025\/03\/Werola-Logo_blue-1.png"},{"@type":"BreadcrumbList","@id":"https:\/\/www.werola.de\/karriere\/#breadcrumb","itemListElement":[{"@type":"ListItem","position":1,"name":"Startseite","item":"https:\/\/www.werola.de\/en\/"},{"@type":"ListItem","position":2,"name":"Karriere"}]},{"@type":"WebSite","@id":"https:\/\/www.werola.de\/en\/#website","url":"https:\/\/www.werola.de\/en\/","name":"www.werola.de","description":"","publisher":{"@id":"https:\/\/www.werola.de\/en\/#organization"},"potentialAction":[{"@type":"SearchAction","target":{"@type":"EntryPoint","urlTemplate":"https:\/\/www.werola.de\/en\/?s={search_term_string}"},"query-input":{"@type":"PropertyValueSpecification","valueRequired":true,"valueName":"search_term_string"}}],"inLanguage":"en-US"},{"@type":"Organization","@id":"https:\/\/www.werola.de\/en\/#organization","name":"Seaman Paper Europe GmbH","alternateName":"Werola","url":"https:\/\/www.werola.de\/en\/","logo":{"@type":"ImageObject","inLanguage":"en-US","@id":"https:\/\/www.werola.de\/en\/#\/schema\/logo\/image\/","url":"https:\/\/werola.de\/wp-content\/uploads\/2025\/03\/SeamanPaper-Primary-Black.png","contentUrl":"https:\/\/werola.de\/wp-content\/uploads\/2025\/03\/SeamanPaper-Primary-Black.png","width":1300,"height":402,"caption":"Seaman Paper Europe GmbH"},"image":{"@id":"https:\/\/www.werola.de\/en\/#\/schema\/logo\/image\/"}}]}},"_links":{"self":[{"href":"https:\/\/www.werola.de\/en\/wp-json\/wp\/v2\/pages\/47","targetHints":{"allow":["GET"]}}],"collection":[{"href":"https:\/\/www.werola.de\/en\/wp-json\/wp\/v2\/pages"}],"about":[{"href":"https:\/\/www.werola.de\/en\/wp-json\/wp\/v2\/types\/page"}],"author":[{"embeddable":true,"href":"https:\/\/www.werola.de\/en\/wp-json\/wp\/v2\/users\/1"}],"replies":[{"embeddable":true,"href":"https:\/\/www.werola.de\/en\/wp-json\/wp\/v2\/comments?post=47"}],"version-history":[{"count":13,"href":"https:\/\/www.werola.de\/en\/wp-json\/wp\/v2\/pages\/47\/revisions"}],"predecessor-version":[{"id":735,"href":"https:\/\/www.werola.de\/en\/wp-json\/wp\/v2\/pages\/47\/revisions\/735"}],"wp:attachment":[{"href":"https:\/\/www.werola.de\/en\/wp-json\/wp\/v2\/media?parent=47"}],"curies":[{"name":"wp","href":"https:\/\/api.w.org\/{rel}","templated":true}]}}